{"id":2482,"date":"2024-08-19T12:10:02","date_gmt":"2024-08-19T12:10:02","guid":{"rendered":"https:\/\/www.ktdizajn.hr\/moduulit\/?post_type=product&#038;p=2482"},"modified":"2024-08-19T12:11:44","modified_gmt":"2024-08-19T12:11:44","slug":"panel-ograda","status":"publish","type":"product","link":"https:\/\/www.ktdizajn.hr\/moduulit\/tuote\/panel-ograda\/","title":{"rendered":"Panel ograda"},"content":{"rendered":"<p><strong>Dostupne dimenzije:<\/strong><br \/>\n&#8211; 250 x 103 &#8211; 4 mm<br \/>\n&#8211; 250 x 123 &#8211; 4 mm<br \/>\n&#8211; 250 x 153 &#8211; 4 mm<br \/>\n&#8211; 250 x 203 &#8211; 4 mm<br \/>\n&#8211; 250 x 103 &#8211; 5 mm<br \/>\n&#8211; 250 x1 23 &#8211; 5 mm<br \/>\n&#8211; 250 x 153 &#8211; 5 mm<br \/>\n&#8211; 250 x 203 &#8211; 5 mm<\/p>\n","protected":false},"excerpt":{"rendered":"<p><strong>\u017di\u010dane panelne ograde: Sigurnost i estetika u va\u0161em vanjskom prostoru<\/strong><br \/>\nOtkrijte idealno rje\u0161enje za sigurnost i estetiku s na\u0161im \u017ei\u010danim panelnim ogradama, dostupnim u razli\u010ditim dimenzijama i opcijama stupova. Ove moderne ograde, u elegantnim zelenim i antracit bojama, pru\u017eaju \u010dvrstu za\u0161titu i sofisticiran izgled za svaki vanjski prostor. Izra\u0111ene od visokokvalitetnih materijala, na\u0161e \u017ei\u010dane panelne ograde nude dugovje\u010dnost i minimalno odr\u017eavanje. Dostupne u razli\u010ditim dimenzijama, mogu se prilagoditi specifi\u010dnim potrebama va\u0161eg prostora, dok razli\u010dite opcije stupova omogu\u0107uju jednostavnu instalaciju i stabilnost. Unesite funkcionalnost i stil u va\u0161 vrt, dvori\u0161te ili poslovni prostor uz na\u0161e panelne ograde. Kontaktirajte nas za savjet o odabiru idealne ograde za va\u0161e potrebe!<\/p>\n<p><span style=\"color: #52a6b2;\"><a style=\"color: #52a6b2;\" href=\"https:\/\/www.findom.hr\/wp-content\/uploads\/2024\/07\/Cjenik-Panel-ograda-WEB.pdf\">Preuzmi kompletan cjenik<\/a><\/span><\/p>\n","protected":false},"featured_media":2600,"template":"","meta":[],"product_cat":[50],"product_tag":[],"class_list":{"0":"post-2482","1":"product","2":"type-product","3":"status-publish","4":"has-post-thumbnail","6":"product_cat-panel-ograde","8":"first","9":"instock","10":"shipping-taxable","11":"product-type-simple"},"_links":{"self":[{"href":"https:\/\/www.ktdizajn.hr\/moduulit\/wp-json\/wp\/v2\/product\/2482","targetHints":{"allow":["GET"]}}],"collection":[{"href":"https:\/\/www.ktdizajn.hr\/moduulit\/wp-json\/wp\/v2\/product"}],"about":[{"href":"https:\/\/www.ktdizajn.hr\/moduulit\/wp-json\/wp\/v2\/types\/product"}],"wp:featuredmedia":[{"embeddable":true,"href":"https:\/\/www.ktdizajn.hr\/moduulit\/wp-json\/wp\/v2\/media\/2600"}],"wp:attachment":[{"href":"https:\/\/www.ktdizajn.hr\/moduulit\/wp-json\/wp\/v2\/media?parent=2482"}],"wp:term":[{"taxonomy":"product_cat","embeddable":true,"href":"https:\/\/www.ktdizajn.hr\/moduulit\/wp-json\/wp\/v2\/product_cat?post=2482"},{"taxonomy":"product_tag","embeddable":true,"href":"https:\/\/www.ktdizajn.hr\/moduulit\/wp-json\/wp\/v2\/product_tag?post=2482"}],"curies":[{"name":"wp","href":"https:\/\/api.w.org\/{rel}","templated":true}]}}