{"id":1762,"date":"2024-08-19T12:01:21","date_gmt":"2024-08-19T12:01:21","guid":{"rendered":"https:\/\/www.ktdizajn.hr\/moduulit\/?post_type=product&#038;p=1762"},"modified":"2024-08-19T12:01:33","modified_gmt":"2024-08-19T12:01:33","slug":"ograda-od-uzeta-3m","status":"publish","type":"product","link":"https:\/\/www.ktdizajn.hr\/moduulit\/tuote\/ograda-od-uzeta-3m\/","title":{"rendered":"Ograda od u\u017eeta 3m"},"content":{"rendered":"","protected":false},"excerpt":{"rendered":"<p>Jednostavna za postavljanje i elegantna ograda od dva crna ili prirodna u\u017eeta debljine 35 mm. Savr\u0161eno upotpunjuje, primjerice, terasu opremljenu hidromasa\u017enom kadom ili vanjskim jacuzzijem.<\/p>\n<p>Ako \u017eelite ogradu za vi\u0161e stranica, odaberite odgovaraju\u0107i broj u nastavku dodavanjem \u017eeljenog broja proizvoda. Ako \u017eelite kra\u0107u ogradu na jednoj strani terase, npr. za prolaz, mo\u017eete prona\u0107i ograde od konopa du\u017eine 1-5m. Naru\u010dite potrebnu koli\u010dinu.<\/p>\n<p>Odaberite boju u\u017eeta za ogradu<br \/>\nCrna ili prirodna<\/p>\n","protected":false},"featured_media":1776,"template":"","meta":[],"product_cat":[39,45],"product_tag":[],"class_list":{"0":"post-1762","1":"product","2":"type-product","3":"status-publish","4":"has-post-thumbnail","6":"product_cat-ograde","7":"product_cat-ograde-od-uzeta","9":"first","10":"instock","11":"shipping-taxable","12":"purchasable","13":"product-type-simple"},"_links":{"self":[{"href":"https:\/\/www.ktdizajn.hr\/moduulit\/wp-json\/wp\/v2\/product\/1762","targetHints":{"allow":["GET"]}}],"collection":[{"href":"https:\/\/www.ktdizajn.hr\/moduulit\/wp-json\/wp\/v2\/product"}],"about":[{"href":"https:\/\/www.ktdizajn.hr\/moduulit\/wp-json\/wp\/v2\/types\/product"}],"wp:featuredmedia":[{"embeddable":true,"href":"https:\/\/www.ktdizajn.hr\/moduulit\/wp-json\/wp\/v2\/media\/1776"}],"wp:attachment":[{"href":"https:\/\/www.ktdizajn.hr\/moduulit\/wp-json\/wp\/v2\/media?parent=1762"}],"wp:term":[{"taxonomy":"product_cat","embeddable":true,"href":"https:\/\/www.ktdizajn.hr\/moduulit\/wp-json\/wp\/v2\/product_cat?post=1762"},{"taxonomy":"product_tag","embeddable":true,"href":"https:\/\/www.ktdizajn.hr\/moduulit\/wp-json\/wp\/v2\/product_tag?post=1762"}],"curies":[{"name":"wp","href":"https:\/\/api.w.org\/{rel}","templated":true}]}}