{"id":1571,"date":"2024-08-19T11:59:22","date_gmt":"2024-08-19T11:59:22","guid":{"rendered":"https:\/\/www.ktdizajn.hr\/moduulit\/?post_type=product&#038;p=1571"},"modified":"2024-08-19T12:00:47","modified_gmt":"2024-08-19T12:00:47","slug":"aluminijske-ograde-i-pribor","status":"publish","type":"product","link":"https:\/\/www.ktdizajn.hr\/moduulit\/tuote\/aluminijske-ograde-i-pribor\/","title":{"rendered":"Aluminijske ograde i pribor"},"content":{"rendered":"","protected":false},"excerpt":{"rendered":"<p><strong>Pru\u017eamo sljede\u0107e usluge:<\/strong><br \/>\n&#8211; Rezanje profila na mjeru<br \/>\n&#8211; Dostava profila i materijala na va\u0161u adresu<br \/>\n&#8211; Terensko mjerenje i izrada personaliziranih projekata<br \/>\n&#8211; Monta\u017ea i instalacija gotovih ograda po va\u0161im mjerama<br \/>\n&#8211; Kompletan instalacijski pribor za monta\u017eu (vijci, kapice,&#8230;,)<br \/>\n&#8211; Rok isporuke: 15 do 30 dana od potvrde narud\u017ebe<br \/>\n&#8211; Mogu\u0107nost karti\u010dnog pla\u0107anja<br \/>\n&#8211; Dodatni popust na ve\u0107e koli\u010dine.<\/p>\n<p><span style=\"color: #52a6b2;\"><a style=\"color: #52a6b2;\" href=\"https:\/\/www.findom.hr\/wp-content\/uploads\/2024\/03\/Cjenik-ograda-2024-1.pdf\"><strong>Preuzmi cjenik u pdf-u<\/strong><\/a><\/span><\/p>\n","protected":false},"featured_media":1680,"template":"","meta":[],"product_cat":[40,39],"product_tag":[],"class_list":{"0":"post-1571","1":"product","2":"type-product","3":"status-publish","4":"has-post-thumbnail","6":"product_cat-aluminijske-ograde","7":"product_cat-ograde","9":"first","10":"instock","11":"shipping-taxable","12":"product-type-simple"},"_links":{"self":[{"href":"https:\/\/www.ktdizajn.hr\/moduulit\/wp-json\/wp\/v2\/product\/1571","targetHints":{"allow":["GET"]}}],"collection":[{"href":"https:\/\/www.ktdizajn.hr\/moduulit\/wp-json\/wp\/v2\/product"}],"about":[{"href":"https:\/\/www.ktdizajn.hr\/moduulit\/wp-json\/wp\/v2\/types\/product"}],"wp:featuredmedia":[{"embeddable":true,"href":"https:\/\/www.ktdizajn.hr\/moduulit\/wp-json\/wp\/v2\/media\/1680"}],"wp:attachment":[{"href":"https:\/\/www.ktdizajn.hr\/moduulit\/wp-json\/wp\/v2\/media?parent=1571"}],"wp:term":[{"taxonomy":"product_cat","embeddable":true,"href":"https:\/\/www.ktdizajn.hr\/moduulit\/wp-json\/wp\/v2\/product_cat?post=1571"},{"taxonomy":"product_tag","embeddable":true,"href":"https:\/\/www.ktdizajn.hr\/moduulit\/wp-json\/wp\/v2\/product_tag?post=1571"}],"curies":[{"name":"wp","href":"https:\/\/api.w.org\/{rel}","templated":true}]}}