{"id":1756,"date":"2024-08-19T12:01:21","date_gmt":"2024-08-19T12:01:21","guid":{"rendered":"https:\/\/www.ktdizajn.hr\/moduulit\/?post_type=product&#038;p=1756"},"modified":"2024-08-19T12:01:27","modified_gmt":"2024-08-19T12:01:27","slug":"ograda-terase-2m","status":"publish","type":"product","link":"https:\/\/www.ktdizajn.hr\/moduulit\/en\/tuote\/ograda-terase-2m\/","title":{"rendered":"Ograda terase 2m"},"content":{"rendered":"","protected":false},"excerpt":{"rendered":"<p><span>Ograda terase stvara sigurnost, moderan izgled i privatnost terase. Ograda je dimenzionirana tako da odgovara op\u0107oj definiciji za\u0161titne ograde i prikladna je za terase s visinom pada ve\u0107om od 500 mm. Ograda za terasu mo\u017ee se pri\u010dvrstiti odozgo i naknadno se montirati na gotove terase Patio.<\/span><\/p>\n<p><span>Ukoliko \u017eelite ogradu za terasu na vi\u0161e strana, odaberite odgovaraju\u0107i broj ograda za terasu. Ako \u017eelite kra\u0107u ogradu na jednoj strani terase, npr. za prolaz, mo\u017eete prona\u0107i ograde u du\u017eini od 1-5m. Naru\u010dite potrebnu koli\u010dinu.<\/span><\/p>\n","protected":false},"featured_media":1771,"template":"","meta":[],"product_cat":[44,39],"product_tag":[],"class_list":{"0":"post-1756","1":"product","2":"type-product","3":"status-publish","4":"has-post-thumbnail","6":"product_cat-drvene-ograde","7":"product_cat-ograde","9":"first","10":"instock","11":"shipping-taxable","12":"purchasable","13":"product-type-simple"},"_links":{"self":[{"href":"https:\/\/www.ktdizajn.hr\/moduulit\/en\/wp-json\/wp\/v2\/product\/1756","targetHints":{"allow":["GET"]}}],"collection":[{"href":"https:\/\/www.ktdizajn.hr\/moduulit\/en\/wp-json\/wp\/v2\/product"}],"about":[{"href":"https:\/\/www.ktdizajn.hr\/moduulit\/en\/wp-json\/wp\/v2\/types\/product"}],"wp:featuredmedia":[{"embeddable":true,"href":"https:\/\/www.ktdizajn.hr\/moduulit\/en\/wp-json\/wp\/v2\/media\/1771"}],"wp:attachment":[{"href":"https:\/\/www.ktdizajn.hr\/moduulit\/en\/wp-json\/wp\/v2\/media?parent=1756"}],"wp:term":[{"taxonomy":"product_cat","embeddable":true,"href":"https:\/\/www.ktdizajn.hr\/moduulit\/en\/wp-json\/wp\/v2\/product_cat?post=1756"},{"taxonomy":"product_tag","embeddable":true,"href":"https:\/\/www.ktdizajn.hr\/moduulit\/en\/wp-json\/wp\/v2\/product_tag?post=1756"}],"curies":[{"name":"wp","href":"https:\/\/api.w.org\/{rel}","templated":true}]}}